{"id":740,"date":"2015-07-16T09:17:29","date_gmt":"2015-07-16T09:17:29","guid":{"rendered":"http:\/\/cinderella.stylemixthemes.com\/demo\/?page_id=740"},"modified":"2022-07-13T10:03:56","modified_gmt":"2022-07-13T08:03:56","slug":"home-transparent","status":"publish","type":"page","link":"https:\/\/infinity-beauty.eu\/ch\/","title":{"rendered":"Home"},"content":{"rendered":"<p>[vc_row full_width=&#8220;stretch_row&#8220; css=&#8220;.vc_custom_1436955008925{margin-bottom: 0px !important;}&#8220;][vc_column el_class=&#8220;main_slider&#8220; offset=&#8220;vc_hidden-xs&#8220;][vc_column_text]\n\t\t\t<!-- START Full Screen Slider REVOLUTION SLIDER 6.4.11 --><p class=\"rs-p-wp-fix\"><\/p>\n\t\t\t<rs-module-wrap id=\"rev_slider_5_1_wrapper\" data-source=\"post\" style=\"background:#E9E9E9;padding:0;\">\n\t\t\t\t<rs-module id=\"rev_slider_5_1\" style=\"\" data-version=\"6.4.11\">\n\t\t\t\t\t<rs-slides>\n\t\t\t\t\t\t<rs-slide data-key=\"rs-2200\" data-title=\"Weihnachtsaktion Gutschein\" data-in=\"o:0;\" data-out=\"a:false;\">\n\t\t\t\t\t\t\t<img src=\"\/\/infinity-beauty.eu\/de\/wp-content\/uploads\/2019\/02\/Background-Slider.jpg\" title=\"Background-Slider\" width=\"1920\" height=\"1165\" class=\"rev-slidebg tp-rs-img\" data-bg=\"p:center top;\" data-no-retina>\n<!--\n\t\t\t\t\t\t\t--><rs-group\n\t\t\t\t\t\t\t\tid=\"slider-5-slide-2200-layer-20\" \n\t\t\t\t\t\t\t\tdata-type=\"group\"\n\t\t\t\t\t\t\t\tdata-rsp_ch=\"on\"\n\t\t\t\t\t\t\t\tdata-xy=\"x:50px;y:-116px;\"\n\t\t\t\t\t\t\t\tdata-text=\"w:normal;\"\n\t\t\t\t\t\t\t\tdata-dim=\"w:332px;h:125px;\"\n\t\t\t\t\t\t\t\tdata-frame_0=\"o:1;\"\n\t\t\t\t\t\t\t\tdata-frame_999=\"o:0;st:w;sR:4700;sA:5000;\"\n\t\t\t\t\t\t\t\tstyle=\"z-index:17;\"\n\t\t\t\t\t\t\t><!--\n\t\t\t\t\t\t\t\t--><rs-layer\n\t\t\t\t\t\t\t\t\tid=\"slider-5-slide-2200-layer-1\" \n\t\t\t\t\t\t\t\t\tclass=\"slide-1-title\"\n\t\t\t\t\t\t\t\t\tdata-type=\"text\"\n\t\t\t\t\t\t\t\t\tdata-color=\"#b9a59d\"\n\t\t\t\t\t\t\t\t\tdata-tsh=\"h:1px;v:2px;\"\n\t\t\t\t\t\t\t\t\tdata-rsp_ch=\"on\"\n\t\t\t\t\t\t\t\t\tdata-xy=\"x:92px;y:211px;\"\n\t\t\t\t\t\t\t\t\tdata-text=\"s:50;l:58;fw:700;a:inherit;\"\n\t\t\t\t\t\t\t\t\tdata-dim=\"w:318;\"\n\t\t\t\t\t\t\t\t\tdata-frame_0=\"y:-50px;\"\n\t\t\t\t\t\t\t\t\tdata-frame_1=\"st:800;sp:600;sR:800;\"\n\t\t\t\t\t\t\t\t\tdata-frame_999=\"st:w;sR:3600;auto:true;\"\n\t\t\t\t\t\t\t\t\tstyle=\"z-index:9;font-family:Dancing Script;\"\n\t\t\t\t\t\t\t\t>Viele Designs<br\/>viele M\u00f6glichkeiten \n\t\t\t\t\t\t\t\t<\/rs-layer><!--\n\n\t\t\t\t\t\t\t\t--><rs-layer\n\t\t\t\t\t\t\t\t\tid=\"slider-5-slide-2200-layer-2\" \n\t\t\t\t\t\t\t\t\tclass=\"slide-1-text\"\n\t\t\t\t\t\t\t\t\tdata-type=\"text\"\n\t\t\t\t\t\t\t\t\tdata-color=\"#b9a59d\"\n\t\t\t\t\t\t\t\t\tdata-rsp_ch=\"on\"\n\t\t\t\t\t\t\t\t\tdata-xy=\"x:94px;y:344px;\"\n\t\t\t\t\t\t\t\t\tdata-text=\"s:24;l:30;a:inherit;\"\n\t\t\t\t\t\t\t\t\tdata-frame_0=\"y:50px;\"\n\t\t\t\t\t\t\t\t\tdata-frame_1=\"st:800;sp:600;sR:800;\"\n\t\t\t\t\t\t\t\t\tdata-frame_999=\"st:w;sR:3600;auto:true;\"\n\t\t\t\t\t\t\t\t\tstyle=\"z-index:10;font-family:Open Sans;font-style:italic;\"\n\t\t\t\t\t\t\t\t>Rufen Sie uns an und vereinbaren<br\/> Sie einen Termin. \n\t\t\t\t\t\t\t\t<\/rs-layer><!--\n\n\t\t\t\t\t\t\t\t--><rs-layer\n\t\t\t\t\t\t\t\t\tid=\"slider-5-slide-2200-layer-4\" \n\t\t\t\t\t\t\t\t\tclass=\"black\"\n\t\t\t\t\t\t\t\t\tdata-type=\"text\"\n\t\t\t\t\t\t\t\t\tdata-color=\"#000\"\n\t\t\t\t\t\t\t\t\tdata-rsp_ch=\"on\"\n\t\t\t\t\t\t\t\t\tdata-xy=\"x:60px;y:242px;\"\n\t\t\t\t\t\t\t\t\tdata-text=\"fw:700;a:inherit;\"\n\t\t\t\t\t\t\t\t\tdata-frame_0=\"x:50px;\"\n\t\t\t\t\t\t\t\t\tdata-frame_1=\"st:300;sp:1000;sR:300;\"\n\t\t\t\t\t\t\t\t\tdata-frame_999=\"st:w;sR:3700;auto:true;\"\n\t\t\t\t\t\t\t\t\tstyle=\"z-index:11;font-family:Open Sans;\"\n\t\t\t\t\t\t\t\t><div style=\"padding: 2px 10px 1px; background: #b9a59d;\"><\/div> \n\t\t\t\t\t\t\t\t<\/rs-layer><!--\n\n\t\t\t\t\t\t\t\t--><rs-layer\n\t\t\t\t\t\t\t\t\tid=\"slider-5-slide-2200-layer-5\" \n\t\t\t\t\t\t\t\t\tclass=\"black\"\n\t\t\t\t\t\t\t\t\tdata-type=\"text\"\n\t\t\t\t\t\t\t\t\tdata-color=\"#000\"\n\t\t\t\t\t\t\t\t\tdata-rsp_ch=\"on\"\n\t\t\t\t\t\t\t\t\tdata-xy=\"x:60px;y:245px;\"\n\t\t\t\t\t\t\t\t\tdata-text=\"fw:700;a:inherit;\"\n\t\t\t\t\t\t\t\t\tdata-frame_0=\"y:-50px;\"\n\t\t\t\t\t\t\t\t\tdata-frame_1=\"st:300;sp:1000;sR:300;\"\n\t\t\t\t\t\t\t\t\tdata-frame_999=\"st:w;sR:3700;auto:true;\"\n\t\t\t\t\t\t\t\t\tstyle=\"z-index:12;font-family:Open Sans;\"\n\t\t\t\t\t\t\t\t><div style=\"padding: 134px 2px 134px 1px; background: #b9a59d;\"><\/div> \n\t\t\t\t\t\t\t\t<\/rs-layer><!--\n\n\t\t\t\t\t\t\t\t--><rs-layer\n\t\t\t\t\t\t\t\t\tid=\"slider-5-slide-2200-layer-6\" \n\t\t\t\t\t\t\t\t\tclass=\"black\"\n\t\t\t\t\t\t\t\t\tdata-type=\"text\"\n\t\t\t\t\t\t\t\t\tdata-color=\"#000\"\n\t\t\t\t\t\t\t\t\tdata-rsp_ch=\"on\"\n\t\t\t\t\t\t\t\t\tdata-xy=\"x:60px;y:510px;\"\n\t\t\t\t\t\t\t\t\tdata-text=\"fw:700;a:inherit;\"\n\t\t\t\t\t\t\t\t\tdata-frame_0=\"x:-50px;\"\n\t\t\t\t\t\t\t\t\tdata-frame_1=\"st:300;sp:1000;sR:300;\"\n\t\t\t\t\t\t\t\t\tdata-frame_999=\"st:w;sR:3700;auto:true;\"\n\t\t\t\t\t\t\t\t\tstyle=\"z-index:8;font-family:Open Sans;\"\n\t\t\t\t\t\t\t\t><div style=\"padding: 2px 215px 1px; background: #b9a59d;\"><\/div> \n\t\t\t\t\t\t\t\t<\/rs-layer><!--\n\n\t\t\t\t\t\t\t\t--><rs-layer\n\t\t\t\t\t\t\t\t\tid=\"slider-5-slide-2200-layer-7\" \n\t\t\t\t\t\t\t\t\tclass=\"black\"\n\t\t\t\t\t\t\t\t\tdata-type=\"text\"\n\t\t\t\t\t\t\t\t\tdata-color=\"#000\"\n\t\t\t\t\t\t\t\t\tdata-rsp_ch=\"on\"\n\t\t\t\t\t\t\t\t\tdata-xy=\"x:488px;y:245px;\"\n\t\t\t\t\t\t\t\t\tdata-text=\"fw:700;a:inherit;\"\n\t\t\t\t\t\t\t\t\tdata-frame_0=\"y:50px;\"\n\t\t\t\t\t\t\t\t\tdata-frame_1=\"st:300;sp:1000;sR:300;\"\n\t\t\t\t\t\t\t\t\tdata-frame_999=\"st:w;sR:3700;auto:true;\"\n\t\t\t\t\t\t\t\t\tstyle=\"z-index:16;font-family:Open Sans;\"\n\t\t\t\t\t\t\t\t><div style=\"padding: 134px 2px 134px 1px; background: #b9a59d;\"><\/div> \n\t\t\t\t\t\t\t\t<\/rs-layer><!--\n\n\t\t\t\t\t\t\t\t--><rs-layer\n\t\t\t\t\t\t\t\t\tid=\"slider-5-slide-2200-layer-8\" \n\t\t\t\t\t\t\t\t\tclass=\"black\"\n\t\t\t\t\t\t\t\t\tdata-type=\"text\"\n\t\t\t\t\t\t\t\t\tdata-color=\"#000\"\n\t\t\t\t\t\t\t\t\tdata-rsp_ch=\"on\"\n\t\t\t\t\t\t\t\t\tdata-xy=\"x:391px;y:244px;\"\n\t\t\t\t\t\t\t\t\tdata-text=\"fw:700;a:inherit;\"\n\t\t\t\t\t\t\t\t\tdata-dim=\"w:53;h:54;\"\n\t\t\t\t\t\t\t\t\tdata-frame_0=\"x:-50px;\"\n\t\t\t\t\t\t\t\t\tdata-frame_1=\"st:300;sp:1000;sR:300;\"\n\t\t\t\t\t\t\t\t\tdata-frame_999=\"st:w;sR:3700;auto:true;\"\n\t\t\t\t\t\t\t\t\tstyle=\"z-index:15;font-family:Open Sans;\"\n\t\t\t\t\t\t\t\t><div style=\"padding: 2px 50px 1px; background: #b9a59d;\"><\/div> \n\t\t\t\t\t\t\t\t<\/rs-layer><!--\n\n\t\t\t\t\t\t\t\t--><a\n\t\t\t\t\t\t\t\t\tid=\"slider-5-slide-2200-layer-17\" \n\t\t\t\t\t\t\t\t\tclass=\"rs-layer rev-btn\"\n\t\t\t\t\t\t\t\t\thref=\"\/ch\/preise\/\" target=\"_self\" rel=\"nofollow\"\n\t\t\t\t\t\t\t\t\tdata-type=\"button\"\n\t\t\t\t\t\t\t\t\tdata-color=\"#ffffff\"\n\t\t\t\t\t\t\t\t\tdata-rsp_ch=\"on\"\n\t\t\t\t\t\t\t\t\tdata-xy=\"x:92px;y:430px;\"\n\t\t\t\t\t\t\t\t\tdata-text=\"w:normal;s:17;l:20;\"\n\t\t\t\t\t\t\t\t\tdata-padding=\"t:12;r:25;b:12;l:25;\"\n\t\t\t\t\t\t\t\t\tdata-frame_0=\"y:-50;\"\n\t\t\t\t\t\t\t\t\tdata-frame_1=\"st:430;sp:1000;sR:430;\"\n\t\t\t\t\t\t\t\t\tdata-frame_999=\"o:0;st:w;sR:3570;\"\n\t\t\t\t\t\t\t\t\tdata-frame_hover=\"c:#b9a59d;bgc:#fff;bor:0px,0px,0px,0px;sp:200;\"\n\t\t\t\t\t\t\t\t\tstyle=\"z-index:13;background-color:#b9a59d;font-family:Open Sans;text-transform:uppercase;\"\n\t\t\t\t\t\t\t\t>Unsere Services \n\t\t\t\t\t\t\t\t<\/a><!--\n\n\t\t\t\t\t\t\t\t--><a\n\t\t\t\t\t\t\t\t\tid=\"slider-5-slide-2200-layer-19\" \n\t\t\t\t\t\t\t\t\tclass=\"rs-layer rev-btn\"\n\t\t\t\t\t\t\t\t\thref=\"\/ch\/kontakt\/\" target=\"_self\" rel=\"nofollow\"\n\t\t\t\t\t\t\t\t\tdata-type=\"button\"\n\t\t\t\t\t\t\t\t\tdata-color=\"#ffffff\"\n\t\t\t\t\t\t\t\t\tdata-rsp_ch=\"on\"\n\t\t\t\t\t\t\t\t\tdata-xy=\"x:298px;y:430px;\"\n\t\t\t\t\t\t\t\t\tdata-text=\"w:normal;s:17;l:20;\"\n\t\t\t\t\t\t\t\t\tdata-padding=\"t:12;r:25;b:12;l:25;\"\n\t\t\t\t\t\t\t\t\tdata-frame_0=\"y:50;\"\n\t\t\t\t\t\t\t\t\tdata-frame_1=\"st:430;sp:1000;sR:430;\"\n\t\t\t\t\t\t\t\t\tdata-frame_999=\"o:0;st:w;sR:3570;\"\n\t\t\t\t\t\t\t\t\tdata-frame_hover=\"c:#b9a59d;bgc:#fff;bor:0px,0px,0px,0px;sp:200;\"\n\t\t\t\t\t\t\t\t\tstyle=\"z-index:14;background-color:#b9a59d;font-family:Open Sans;text-transform:uppercase;\"\n\t\t\t\t\t\t\t\t>Kontakt \n\t\t\t\t\t\t\t\t<\/a><!--\n\t\t\t\t\t\t\t--><\/rs-group><!--\n-->\t\t\t\t\t\t<\/rs-slide>\n\t\t\t\t\t<\/rs-slides>\n\t\t\t\t\t<rs-static-layers><!--\n\t\t\t\t\t--><\/rs-static-layers>\n\t\t\t\t<\/rs-module>\n\t\t\t\t<script type=\"text\/javascript\">\n\t\t\t\t\tsetREVStartSize({c: 'rev_slider_5_1',rl:[1240,1024,768,480],el:[614],gw:[1230],gh:[614],type:'standard',justify:'',layout:'fullscreen',offsetContainer:'',offset:'',mh:\"0\"});\n\t\t\t\t\tvar\trevapi5,\n\t\t\t\t\t\ttpj;\n\t\t\t\t\tfunction revinit_revslider51() {\n\t\t\t\t\tjQuery(function() {\n\t\t\t\t\t\ttpj = jQuery;\n\t\t\t\t\t\trevapi5 = tpj(\"#rev_slider_5_1\");\n\t\t\t\t\t\ttpj.noConflict();\n\t\t\t\t\t\tif(revapi5==undefined || revapi5.revolution == undefined){\n\t\t\t\t\t\t\trevslider_showDoubleJqueryError(\"rev_slider_5_1\");\n\t\t\t\t\t\t}else{\n\t\t\t\t\t\t\trevapi5.revolution({\n\t\t\t\t\t\t\t\tDPR:\"dpr\",\n\t\t\t\t\t\t\t\tsliderLayout:\"fullscreen\",\n\t\t\t\t\t\t\t\tduration:5000,\n\t\t\t\t\t\t\t\tvisibilityLevels:\"1240,1024,768,480\",\n\t\t\t\t\t\t\t\tgridwidth:1230,\n\t\t\t\t\t\t\t\tgridheight:614,\n\t\t\t\t\t\t\t\tspinner:\"spinner0\",\n\t\t\t\t\t\t\t\tperspective:600,\n\t\t\t\t\t\t\t\tperspectiveType:\"local\",\n\t\t\t\t\t\t\t\teditorheight:\"614,768,960,720\",\n\t\t\t\t\t\t\t\tresponsiveLevels:\"1240,1024,768,480\",\n\t\t\t\t\t\t\t\tprogressBar:{disableProgressBar:true},\n\t\t\t\t\t\t\t\tnavigation: {\n\t\t\t\t\t\t\t\t\tmouseScrollNavigation:false,\n\t\t\t\t\t\t\t\t\twheelCallDelay:1000,\n\t\t\t\t\t\t\t\t\ttouch: {\n\t\t\t\t\t\t\t\t\t\ttouchenabled:true\n\t\t\t\t\t\t\t\t\t}\n\t\t\t\t\t\t\t\t},\n\t\t\t\t\t\t\t\tscrolleffect: {\n\t\t\t\t\t\t\t\t\tset:true,\n\t\t\t\t\t\t\t\t\tfade:true,\n\t\t\t\t\t\t\t\t\tmultiplicator:1.3,\n\t\t\t\t\t\t\t\t\tmultiplicator_layers:1.3,\n\t\t\t\t\t\t\t\t\tdisable_onmobile:true\n\t\t\t\t\t\t\t\t},\n\t\t\t\t\t\t\t\tfallbacks: {\n\t\t\t\t\t\t\t\t\tallowHTML5AutoPlayOnAndroid:true\n\t\t\t\t\t\t\t\t},\n\t\t\t\t\t\t\t});\n\t\t\t\t\t\t}\n\t\t\t\t\t\t\n\t\t\t\t\t});\n\t\t\t\t\t} \/\/ End of RevInitScript\n\t\t\t\tvar once_revslider51 = false;\n\t\t\t\tif (document.readyState === \"loading\") {document.addEventListener('readystatechange',function() { if((document.readyState === \"interactive\" || document.readyState === \"complete\") && !once_revslider51 ) { once_revslider51 = true; revinit_revslider51();}});} else {once_revslider51 = true; revinit_revslider51();}\n\t\t\t\t<\/script>\n\t\t\t<\/rs-module-wrap>\n\t\t\t<!-- END REVOLUTION SLIDER -->\n[\/vc_column_text][\/vc_column][\/vc_row][vc_row full_width=&#8220;stretch_row&#8220; css=&#8220;.vc_custom_1437653437109{margin-bottom: 55px !important;padding-top: 40px !important;padding-bottom: 63px !important;background-color: #fff6ef !important;}&#8220; el_class=&#8220;main_call_2_action_after&#8220;][vc_column][vc_custom_heading type=&#8220;icon_bottom&#8220; icon=&#8220;stm-icon-flower-2&#8243; icon_size=&#8220;15&#8243; text=&#8220;Unser Service&#8220; font_container=&#8220;tag:h2|text_align:center|color:%233c3c3b|line_height:42px&#8220; google_fonts=&#8220;font_family:Muli%3A300%2C300italic%2Cregular%2Citalic|font_style:400%20regular%3A400%3Anormal&#8220; css=&#8220;.vc_custom_1550483907355{margin-top: 50px !important;margin-bottom: 37px !important;}&#8220; icon_color=&#8220;#b9a59d&#8220;][vc_row_inner css=&#8220;.vc_custom_1549979376052{margin-top: 20px !important;margin-bottom: 0px !important;}&#8220;][vc_column_inner width=&#8220;1\/3&#8243;][stm_icon_box icon=&#8220;stm-icon-flourish&#8220; icon_size=&#8220;50&#8243; title=&#8220;Manik\u00fcre &amp; Pedik\u00fcre&#8220; css=&#8220;.vc_custom_1566636531357{margin-bottom: 54px !important;}&#8220; link=&#8220;url:https%3A%2F%2Finfinity-beauty.eu\/ch%2Fservice%2F|||&#8220;]Die kosmetische Pflege unserer H\u00e4nde und Fingern\u00e4gel wird als Manik\u00fcre bezeichnet, die Behandlung der F\u00fc\u00dfe und der Fu\u00dfn\u00e4gel als Pedik\u00fcre.<br \/>\nLassen Sie sich von uns verw\u00f6hnen und entspannen Sie bei uns in einer angenehme Atmosph\u00e4re.[\/stm_icon_box][\/vc_column_inner][vc_column_inner width=&#8220;1\/3&#8243; css=&#8220;.vc_custom_1437115881588{margin-bottom: 54px !important;}&#8220;][stm_icon_box icon=&#8220;stm-icon-icon-2&#8243; icon_size=&#8220;50&#8243; title=&#8220;Nagelmodellagen&#8220; css=&#8220;.vc_custom_1566636654046{margin-bottom: 54px !important;}&#8220; link=&#8220;url:https%3A%2F%2Finfinity-beauty.eu\/ch%2Fservice%2F|||&#8220;]ist die k\u00fcnstliche Verl\u00e4ngerung und Verst\u00e4rkung der menschlichen Finger- und Fu\u00dfn\u00e4gel.[\/stm_icon_box][\/vc_column_inner][vc_column_inner width=&#8220;1\/3&#8243;][stm_icon_box icon=&#8220;stm-icon-flourish&#8220; icon_size=&#8220;50&#8243; title=&#8220;Shellac&#8220; css=&#8220;.vc_custom_1567703645085{margin-bottom: 54px !important;}&#8220; link=&#8220;url:https%3A%2F%2Finfinity-beauty.eu\/ch%2Fservice%2F|||&#8220;]Shellac ist eine besondere Nagellack-Variante in Gel-Form. Nach dem Auftragen wird Shellac mit UV-Licht ausgeh\u00e4rtet. Dadurch bildet sich auf dem Nagel eine elastische Lackschicht, die gegen Kratzer und Abbl\u00e4ttern sch\u00fctzt. Einmal Aufgetragen h\u00e4lt Shellac bis zu 14 Tage und muss erst dann erneuert werden. Shellac ist eine gute Alternative zu normalen Nagellack oder UV-Gel.[\/stm_icon_box][\/vc_column_inner][\/vc_row_inner][\/vc_column][\/vc_row][vc_row full_width=&#8220;stretch_row&#8220; css=&#8220;.vc_custom_1437653795518{margin-bottom: 70px !important;}&#8220;][vc_column][vc_custom_heading type=&#8220;icon_bottom&#8220; icon=&#8220;stm-icon-flower-2&#8243; icon_size=&#8220;15&#8243; text=&#8220;Jetzt Termin buchen&#8220; font_container=&#8220;tag:h2|text_align:center|color:%233c3c3b|line_height:42px&#8220; google_fonts=&#8220;font_family:Muli%3A300%2C300italic%2Cregular%2Citalic|font_style:400%20regular%3A400%3Anormal&#8220; css=&#8220;.vc_custom_1657609712220{margin-top: 50px !important;margin-bottom: 37px !important;}&#8220; icon_color=&#8220;#b9a59d&#8220;][vc_column_text][\/vc_column_text][vc_raw_js]JTNDaWZyYW1lJTIwaWQlM0QlMjJ0cmVhdHdlbGxmcmFtZSUyMiUyMHNyYyUzRCUyMmh0dHBzJTNBJTJGJTJGYnVjaHVuZy50cmVhdHdlbGwuY2glMkZvcnQlMkY0MjI2MzglMkZtZW51ZSUyRiUyMiUyMHNjcm9sbGluZyUzRCUyMnllcyUyMiUyMGZyYW1lYm9yZGVyJTNEJTIyMCUyMiUyMGhlaWdodCUzRCUyMjExNTAlMjIlM0UlM0MlMkZpZnJhbWUlM0U=[\/vc_raw_js][\/vc_column][\/vc_row]<\/p>\n","protected":false},"excerpt":{"rendered":"<p>[vc_row full_width=&#8220;stretch_row&#8220; css=&#8220;.vc_custom_1436955008925{margin-bottom: 0px !important;}&#8220;][vc_column el_class=&#8220;main_slider&#8220; offset=&#8220;vc_hidden-xs&#8220;][vc_column_text][\/vc_column_text][\/vc_column][\/vc_row][vc_row full_width=&#8220;stretch_row&#8220; css=&#8220;.vc_custom_1437653437109{margin-bottom: 55px !important;padding-top: 40px !important;padding-bottom: 63px !important;background-color: #fff6ef !important;}&#8220; el_class=&#8220;main_call_2_action_after&#8220;][vc_column][vc_custom_heading type=&#8220;icon_bottom&#8220; icon=&#8220;stm-icon-flower-2&#8243; icon_size=&#8220;15&#8243; text=&#8220;Unser Service&#8220; font_container=&#8220;tag:h2|text_align:center|color:%233c3c3b|line_height:42px&#8220; google_fonts=&#8220;font_family:Muli%3A300%2C300italic%2Cregular%2Citalic|font_style:400%20regular%3A400%3Anormal&#8220; css=&#8220;.vc_custom_1550483907355{margin-top: 50px !important;margin-bottom: 37px !important;}&#8220; icon_color=&#8220;#b9a59d&#8220;][vc_row_inner css=&#8220;.vc_custom_1549979376052{margin-top: 20px !important;margin-bottom: 0px !important;}&#8220;][vc_column_inner width=&#8220;1\/3&#8243;][stm_icon_box icon=&#8220;stm-icon-flourish&#8220; icon_size=&#8220;50&#8243; title=&#8220;Manik\u00fcre &amp; Pedik\u00fcre&#8220; css=&#8220;.vc_custom_1566636531357{margin-bottom: 54px !important;}&#8220; link=&#8220;url:https%3A%2F%2Finfinity-beauty.eu\/ch%2Fservice%2F|||&#8220;]Die kosmetische Pflege unserer H\u00e4nde und Fingern\u00e4gel wird als Manik\u00fcre [&hellip;]<\/p>\n","protected":false},"author":1,"featured_media":0,"parent":0,"menu_order":0,"comment_status":"closed","ping_status":"closed","template":"","meta":[],"_links":{"self":[{"href":"https:\/\/infinity-beauty.eu\/ch\/wp-json\/wp\/v2\/pages\/740"}],"collection":[{"href":"https:\/\/infinity-beauty.eu\/ch\/wp-json\/wp\/v2\/pages"}],"about":[{"href":"https:\/\/infinity-beauty.eu\/ch\/wp-json\/wp\/v2\/types\/page"}],"author":[{"embeddable":true,"href":"https:\/\/infinity-beauty.eu\/ch\/wp-json\/wp\/v2\/users\/1"}],"replies":[{"embeddable":true,"href":"https:\/\/infinity-beauty.eu\/ch\/wp-json\/wp\/v2\/comments?post=740"}],"version-history":[{"count":81,"href":"https:\/\/infinity-beauty.eu\/ch\/wp-json\/wp\/v2\/pages\/740\/revisions"}],"predecessor-version":[{"id":2293,"href":"https:\/\/infinity-beauty.eu\/ch\/wp-json\/wp\/v2\/pages\/740\/revisions\/2293"}],"wp:attachment":[{"href":"https:\/\/infinity-beauty.eu\/ch\/wp-json\/wp\/v2\/media?parent=740"}],"curies":[{"name":"wp","href":"https:\/\/api.w.org\/{rel}","templated":true}]}}