{"id":2061,"date":"2019-07-11T14:26:04","date_gmt":"2019-07-11T12:26:04","guid":{"rendered":"https:\/\/infinity-beauty.eu\/ch\/?page_id=2061"},"modified":"2022-02-09T09:51:19","modified_gmt":"2022-02-09T08:51:19","slug":"impressum","status":"publish","type":"page","link":"https:\/\/infinity-beauty.eu\/ch\/impressum\/","title":{"rendered":"Impressum"},"content":{"rendered":"<p>[vc_row css=&#8220;.vc_custom_1574853578132{margin-bottom: 75px !important;}&#8220;][vc_column][vc_column_text]<\/p>\n<h2>Impressum<\/h2>\n<p>Angaben gem\u00e4\u00df \u00a7 5 TMG<\/p>\n<p><strong>Infinity Beauty Swiss GmbH<\/strong><br \/>\nFranklingstrasse 12<br \/>\n8050 Z\u00fcrich<\/p>\n<p>Tel.: +41 (0) 41 \/ 554 12 12<\/p>\n<p>Ust-ID: DE321683641<br \/>\nMail: zuerich[at]infinity-beauty.eu[\/vc_column_text][\/vc_column][\/vc_row][vc_row css=&#8220;.vc_custom_1574853582918{margin-bottom: 75px !important;}&#8220;][vc_column][vc_column_text]<\/p>\n<h2>Haftungsausschluss:<\/h2>\n<p>&nbsp;<\/p>\n<h4>Haftung f\u00fcr Inhalte<\/h4>\n<p>Die Inhalte unserer Seiten wurden mit gr\u00f6\u00dfter Sorgfalt erstellt. F\u00fcr die Richtigkeit, Vollst\u00e4ndigkeit und Aktualit\u00e4t der Inhalte k\u00f6nnen wir jedoch keine Gew\u00e4hr \u00fcbernehmen. Als Diensteanbieter sind wir gem\u00e4\u00df \u00a7 7 Abs.1 TMG f\u00fcr eigene Inhalte auf diesen Seiten nach den allgemeinen Gesetzen verantwortlich. Nach \u00a7\u00a7 8 bis 10 TMG sind wir als Diensteanbieter jedoch nicht verpflichtet, \u00fcbermittelte oder gespeicherte fremde Informationen zu \u00fcberwachen oder nach Umst\u00e4nden zu forschen, die auf eine rechtswidrige T\u00e4tigkeit hinweisen. Verpflichtungen zur Entfernung oder Sperrung der Nutzung von Informationen nach den allgemeinen Gesetzen bleiben hiervon unber\u00fchrt. Eine diesbez\u00fcgliche Haftung ist jedoch erst ab dem Zeitpunkt der Kenntnis einer konkreten Rechtsverletzung m\u00f6glich. Bei Bekanntwerden von entsprechenden Rechtsverletzungen werden wir diese Inhalte umgehend entfernen.<\/p>\n<h4>Haftung f\u00fcr Links<\/h4>\n<p>Unser Angebot enth\u00e4lt Links zu externen Webseiten Dritter, auf deren Inhalte wir keinen Einfluss haben. Deshalb k\u00f6nnen wir f\u00fcr diese fremden Inhalte auch keine Gew\u00e4hr \u00fcbernehmen. F\u00fcr die Inhalte der verlinkten Seiten ist stets der jeweilige Anbieter oder Betreiber der Seiten verantwortlich. Die verlinkten Seiten wurden zum Zeitpunkt der Verlinkung auf m\u00f6gliche Rechtsverst\u00f6\u00dfe \u00fcberpr\u00fcft. Rechtswidrige Inhalte waren zum Zeitpunkt der Verlinkung nicht erkennbar. Eine permanente inhaltliche Kontrolle der verlinkten Seiten ist jedoch ohne konkrete Anhaltspunkte einer Rechtsverletzung nicht zumutbar. Bei Bekanntwerden von Rechtsverletzungen werden wir derartige Links umgehend entfernen.<\/p>\n<h4>Urheberrecht<\/h4>\n<p>Die durch die Seitenbetreiber erstellten Inhalte und Werke auf diesen Seiten unterliegen dem deutschen Urheberrecht. Die Vervielf\u00e4ltigung, Bearbeitung, Verbreitung und jede Art der Verwertung au\u00dferhalb der Grenzen des Urheberrechtes bed\u00fcrfen der schriftlichen Zustimmung des jeweiligen Autors bzw. Erstellers. Downloads und Kopien dieser Seite sind nur f\u00fcr den privaten, nicht kommerziellen Gebrauch gestattet. Soweit die Inhalte auf dieser Seite nicht vom Betreiber erstellt wurden, werden die Urheberrechte Dritter beachtet. Insbesondere werden Inhalte Dritter als solche gekennzeichnet. Sollten Sie trotzdem auf eine Urheberrechtsverletzung aufmerksam werden, bitten wir um einen entsprechenden Hinweis. Bei Bekanntwerden von Rechtsverletzungen werden wir derartige Inhalte umgehend entfernen.<\/p>\n<h4>Online-Streitbeilegung<\/h4>\n<p>Die Europ\u00e4ische Kommission stellt unter https:\/\/ec.europa.eu\/consumers\/odr\/ eine Plattform zur Online-Streitbeilegung bereit, die Verbraucher f\u00fcr die Beilegung einer Streitigkeit nutzen k\u00f6nnen und auf der weitere Informationen zum Thema Streitschlichtung zu finden sind.<\/p>\n<h4>Au\u00dfergerichtliche Streitbeilegung<\/h4>\n<p>Wir sind weder verpflichtet noch dazu bereit, im Falle einer Streitigkeit mit einem Verbraucher an einem Streitbeilegungsverfahren vor einer Verbraucherschlichtungsstelle teilzunehmen.[\/vc_column_text][\/vc_column][\/vc_row]<\/p>\n","protected":false},"excerpt":{"rendered":"<p>[vc_row css=&#8220;.vc_custom_1574853578132{margin-bottom: 75px !important;}&#8220;][vc_column][vc_column_text] Impressum Angaben gem\u00e4\u00df \u00a7 5 TMG Infinity Beauty Swiss GmbH Franklingstrasse 12 8050 Z\u00fcrich Tel.: +41 (0) 41 \/ 554 12 12 Ust-ID: DE321683641 Mail: zuerich[at]infinity-beauty.eu[\/vc_column_text][\/vc_column][\/vc_row][vc_row css=&#8220;.vc_custom_1574853582918{margin-bottom: 75px !important;}&#8220;][vc_column][vc_column_text] Haftungsausschluss: &nbsp; Haftung f\u00fcr Inhalte Die Inhalte unserer Seiten wurden mit gr\u00f6\u00dfter Sorgfalt erstellt. F\u00fcr die Richtigkeit, Vollst\u00e4ndigkeit und Aktualit\u00e4t der Inhalte [&hellip;]<\/p>\n","protected":false},"author":1,"featured_media":0,"parent":0,"menu_order":0,"comment_status":"closed","ping_status":"closed","template":"","meta":[],"_links":{"self":[{"href":"https:\/\/infinity-beauty.eu\/ch\/wp-json\/wp\/v2\/pages\/2061"}],"collection":[{"href":"https:\/\/infinity-beauty.eu\/ch\/wp-json\/wp\/v2\/pages"}],"about":[{"href":"https:\/\/infinity-beauty.eu\/ch\/wp-json\/wp\/v2\/types\/page"}],"author":[{"embeddable":true,"href":"https:\/\/infinity-beauty.eu\/ch\/wp-json\/wp\/v2\/users\/1"}],"replies":[{"embeddable":true,"href":"https:\/\/infinity-beauty.eu\/ch\/wp-json\/wp\/v2\/comments?post=2061"}],"version-history":[{"count":11,"href":"https:\/\/infinity-beauty.eu\/ch\/wp-json\/wp\/v2\/pages\/2061\/revisions"}],"predecessor-version":[{"id":2251,"href":"https:\/\/infinity-beauty.eu\/ch\/wp-json\/wp\/v2\/pages\/2061\/revisions\/2251"}],"wp:attachment":[{"href":"https:\/\/infinity-beauty.eu\/ch\/wp-json\/wp\/v2\/media?parent=2061"}],"curies":[{"name":"wp","href":"https:\/\/api.w.org\/{rel}","templated":true}]}}