{"id":1862,"date":"2015-07-08T10:55:06","date_gmt":"2015-07-08T10:55:06","guid":{"rendered":"http:\/\/cinderella.stylemixthemes.com\/demo\/?page_id=394"},"modified":"2022-07-28T18:53:20","modified_gmt":"2022-07-28T16:53:20","slug":"ueber-uns","status":"publish","type":"page","link":"https:\/\/infinity-beauty.eu\/ch\/ueber-uns\/","title":{"rendered":"\u00dcber uns"},"content":{"rendered":"<p>[vc_row equal_height=&#8220;yes&#8220; content_placement=&#8220;middle&#8220; css=&#8220;.vc_custom_1574780352148{margin-top: 75px !important;margin-bottom: 75px !important;background-position: center !important;background-repeat: no-repeat !important;background-size: cover !important;}&#8220;][vc_column width=&#8220;1\/3&#8243; css=&#8220;.vc_custom_1574847878414{padding-right: 50px !important;}&#8220; offset=&#8220;vc_hidden-md vc_hidden-sm vc_hidden-xs&#8220;][vc_single_image image=&#8220;2297&#8243; img_size=&#8220;medium&#8220; style=&#8220;vc_box_border&#8220; border_color=&#8220;chino&#8220; onclick=&#8220;link_image&#8220; css=&#8220;.vc_custom_1659027038904{margin-bottom: 75px !important;}&#8220;][vc_single_image image=&#8220;2298&#8243; img_size=&#8220;medium&#8220; style=&#8220;vc_box_border&#8220; border_color=&#8220;chino&#8220; onclick=&#8220;link_image&#8220; css=&#8220;.vc_custom_1659027197801{margin-top: -450px !important;margin-left: 150px !important;}&#8220;][\/vc_column][vc_column width=&#8220;2\/3&#8243; css=&#8220;.vc_custom_1574848324238{margin-top: 0px !important;}&#8220; offset=&#8220;vc_col-lg-8 vc_col-md-12 vc_col-xs-12&#8243;][vc_custom_heading text=&#8220;Willkommen in Deinem Beauty Salon&#8220; font_container=&#8220;tag:h1|font_size:46|text_align:left&#8220; use_theme_fonts=&#8220;yes&#8220;][vc_column_text]Eintreten und Wohlf\u00fchlen \u2013 lassen Sie sich verw\u00f6hnen k\u00f6rperliche und seelische Erfrischung sorgen. In angenehmer Atmosph\u00e4re bieten wir Ihnen ein H\u00f6chstma\u00df an Entspannung, Regeneration, Pflege und Gesundheitserhaltung Ihrer Haut.<\/p>\n<p>F\u00fcr uns steht die nat\u00fcrliche Sch\u00f6nheit eines jeden Kunden im Mittelpunkt. Das bedeutet: Wir sind Ihr Studio f\u00fcr Beauty-Behandlungen rund um H\u00e4nde, F\u00fc\u00dfe, Gesicht und K\u00f6rper. Egal, ob Sie f\u00fcr eine kurze Behandlung zu uns kommen, oder mit einer unserer zahlreichen Kosmetik, Beauty &amp; Wellness Treatments ein l\u00e4nger dauerndes Beauty-Erlebnis zelebrieren m\u00f6chten \u2013 bei uns nehmen Sie sich immer eine kleine und erholsame Auszeit vom Alltag. Neben Nagelmodellage, Manik\u00fcre und Pedik\u00fcre bieten wir in unserem Studio auch die klassische kosmetische Gesichtsbehandlungen an.[\/vc_column_text][\/vc_column][\/vc_row][vc_row equal_height=&#8220;yes&#8220; content_placement=&#8220;middle&#8220; css=&#8220;.vc_custom_1574780352148{margin-top: 75px !important;margin-bottom: 75px !important;background-position: center !important;background-repeat: no-repeat !important;background-size: cover !important;}&#8220;][vc_column width=&#8220;2\/3&#8243; css=&#8220;.vc_custom_1574848331427{margin-top: 25px !important;}&#8220; offset=&#8220;vc_col-lg-8 vc_col-md-12 vc_col-xs-12&#8243;][vc_custom_heading text=&#8220;Er\u00f6ffnung 2022&#8243; font_container=&#8220;tag:h1|font_size:46|text_align:left&#8220; use_theme_fonts=&#8220;yes&#8220;][vc_column_text]<span style=\"color: #ffffff;\">Lorem ipsum dolor sit amet, consectetur adipiscing elit. Ut nisl diam, mollis non porta vel, mattis a enim. Vestibulum quis volutpat nulla. Fusce venenatis eros ac aliquet hendrerit. Proin non fringilla lacus. Integer dapibus nisi sapien. Vestibulum vestibulum nisl sed finibus accumsan. Nullam nec vulputate dolor. In rhoncus ut massa quis mollis.<\/span><\/p>\n<p><span style=\"color: #ffffff;\">Lorem ipsum dolor sit amet, consectetur adipiscing elit. Ut nisl diam, mollis non porta vel, mattis a enim. Vestibulum quis volutpat nulla. Fusce venenatis eros ac aliquet hendrerit. Proin non fringilla lacus. Integer dapibus nisi sapien. Vestibulum vestibulum nisl sed finibus accumsan. Nullam nec vulputate dolor. In rhoncus ut massa quis mollis.<\/span>[\/vc_column_text][\/vc_column][vc_column width=&#8220;1\/3&#8243; css=&#8220;.vc_custom_1574847945645{padding-right: 50px !important;}&#8220; offset=&#8220;vc_hidden-md vc_hidden-sm vc_hidden-xs&#8220;][vc_single_image image=&#8220;2105&#8243; img_size=&#8220;large&#8220; alignment=&#8220;right&#8220; style=&#8220;vc_box_border&#8220; border_color=&#8220;chino&#8220; onclick=&#8220;link_image&#8220;][\/vc_column][\/vc_row]<\/p>\n","protected":false},"excerpt":{"rendered":"<p>[vc_row equal_height=&#8220;yes&#8220; content_placement=&#8220;middle&#8220; css=&#8220;.vc_custom_1574780352148{margin-top: 75px !important;margin-bottom: 75px !important;background-position: center !important;background-repeat: no-repeat !important;background-size: cover !important;}&#8220;][vc_column width=&#8220;1\/3&#8243; css=&#8220;.vc_custom_1574847878414{padding-right: 50px !important;}&#8220; offset=&#8220;vc_hidden-md vc_hidden-sm vc_hidden-xs&#8220;][vc_single_image image=&#8220;2297&#8243; img_size=&#8220;medium&#8220; style=&#8220;vc_box_border&#8220; border_color=&#8220;chino&#8220; onclick=&#8220;link_image&#8220; css=&#8220;.vc_custom_1659027038904{margin-bottom: 75px !important;}&#8220;][vc_single_image image=&#8220;2298&#8243; img_size=&#8220;medium&#8220; style=&#8220;vc_box_border&#8220; border_color=&#8220;chino&#8220; onclick=&#8220;link_image&#8220; css=&#8220;.vc_custom_1659027197801{margin-top: -450px !important;margin-left: 150px !important;}&#8220;][\/vc_column][vc_column width=&#8220;2\/3&#8243; css=&#8220;.vc_custom_1574848324238{margin-top: 0px !important;}&#8220; offset=&#8220;vc_col-lg-8 vc_col-md-12 vc_col-xs-12&#8243;][vc_custom_heading text=&#8220;Willkommen in Deinem Beauty Salon&#8220; font_container=&#8220;tag:h1|font_size:46|text_align:left&#8220; use_theme_fonts=&#8220;yes&#8220;][vc_column_text]Eintreten und Wohlf\u00fchlen [&hellip;]<\/p>\n","protected":false},"author":1,"featured_media":0,"parent":0,"menu_order":0,"comment_status":"closed","ping_status":"closed","template":"","meta":[],"_links":{"self":[{"href":"https:\/\/infinity-beauty.eu\/ch\/wp-json\/wp\/v2\/pages\/1862"}],"collection":[{"href":"https:\/\/infinity-beauty.eu\/ch\/wp-json\/wp\/v2\/pages"}],"about":[{"href":"https:\/\/infinity-beauty.eu\/ch\/wp-json\/wp\/v2\/types\/page"}],"author":[{"embeddable":true,"href":"https:\/\/infinity-beauty.eu\/ch\/wp-json\/wp\/v2\/users\/1"}],"replies":[{"embeddable":true,"href":"https:\/\/infinity-beauty.eu\/ch\/wp-json\/wp\/v2\/comments?post=1862"}],"version-history":[{"count":58,"href":"https:\/\/infinity-beauty.eu\/ch\/wp-json\/wp\/v2\/pages\/1862\/revisions"}],"predecessor-version":[{"id":2299,"href":"https:\/\/infinity-beauty.eu\/ch\/wp-json\/wp\/v2\/pages\/1862\/revisions\/2299"}],"wp:attachment":[{"href":"https:\/\/infinity-beauty.eu\/ch\/wp-json\/wp\/v2\/media?parent=1862"}],"curies":[{"name":"wp","href":"https:\/\/api.w.org\/{rel}","templated":true}]}}